{"id":23506,"date":"2023-07-27T15:01:07","date_gmt":"2023-07-27T15:01:07","guid":{"rendered":"https:\/\/caravaningcantabria.es\/?page_id=23506"},"modified":"2023-07-29T15:07:29","modified_gmt":"2023-07-29T15:07:29","slug":"accessibility-declaration","status":"publish","type":"page","link":"https:\/\/caravaningcantabria.es\/en\/accessibility-declaration\/","title":{"rendered":"Accessibility Statement"},"content":{"rendered":"\t\t<div data-elementor-type=\"wp-page\" data-elementor-id=\"23506\" class=\"elementor elementor-23506\">\n\t\t\t\t\t\t<section class=\"elementor-section elementor-top-section elementor-element elementor-element-11a84ea1 elementor-section-boxed elementor-section-height-default elementor-section-height-default\" data-id=\"11a84ea1\" data-element_type=\"section\" data-e-type=\"section\" data-settings=\"{&quot;background_background&quot;:&quot;classic&quot;}\">\n\t\t\t\t\t\t<div class=\"elementor-container elementor-column-gap-default\">\n\t\t\t\t\t<div class=\"elementor-column elementor-col-100 elementor-top-column elementor-element elementor-element-65c052fc\" data-id=\"65c052fc\" data-element_type=\"column\" data-e-type=\"column\">\n\t\t\t<div class=\"elementor-widget-wrap elementor-element-populated\">\n\t\t\t\t\t\t<div class=\"elementor-element elementor-element-4f30b12e elementor-widget elementor-widget-heading\" data-id=\"4f30b12e\" data-element_type=\"widget\" data-e-type=\"widget\" data-widget_type=\"heading.default\">\n\t\t\t\t<div class=\"elementor-widget-container\">\n\t\t\t\t\t<h2 class=\"elementor-heading-title elementor-size-default\">Declaraci\u00f3n de Accesibilidad<\/h2>\t\t\t\t<\/div>\n\t\t\t\t<\/div>\n\t\t\t\t\t<\/div>\n\t\t<\/div>\n\t\t\t\t\t<\/div>\n\t\t<\/section>\n\t\t\t\t<section class=\"elementor-section elementor-top-section elementor-element elementor-element-7a254ff8 elementor-section-boxed elementor-section-height-default elementor-section-height-default\" data-id=\"7a254ff8\" data-element_type=\"section\" data-e-type=\"section\">\n\t\t\t\t\t\t<div class=\"elementor-container elementor-column-gap-default\">\n\t\t\t\t\t<div class=\"elementor-column elementor-col-100 elementor-top-column elementor-element elementor-element-475a2f03\" data-id=\"475a2f03\" data-element_type=\"column\" data-e-type=\"column\">\n\t\t\t<div class=\"elementor-widget-wrap elementor-element-populated\">\n\t\t\t\t\t\t<div class=\"elementor-element elementor-element-689232e1 elementor-widget elementor-widget-text-editor\" data-id=\"689232e1\" data-element_type=\"widget\" data-e-type=\"widget\" data-widget_type=\"text-editor.default\">\n\t\t\t\t<div class=\"elementor-widget-container\">\n\t\t\t\t\t\t\t\t\t<p class=\"smallsubtitle\"><strong>POL\u00cdTICA DE ACCESIBILIDAD<\/strong><\/p>\n<p>La empresa Caravaning Cantabria se ha comprometido a hacer accesible su sitio web de conformidad con el Real Decreto 1112\/2018, de 7 de septiembre, sobre accesibilidad de los sitios web y aplicaciones para dispositivos m\u00f3viles del sector p\u00fablico, o desarrollos financiados desde Europa.<\/p>\n<p>La presente declaraci\u00f3n de accesibilidad se aplica al sitio web&nbsp;, excluyendo los contenidos incrustados provenientes de otros dominios.<\/p>\n<p class=\"smallsubtitle\"><strong><br><\/strong><\/p>\n<p class=\"smallsubtitle\"><strong>SITUACI\u00d3N DE CUMPLIMIENTO<\/strong><\/p>\n<p>Este sitio web es&nbsp;Parcialmente Conforme&nbsp;con el RD 1112\/2018 debido a la falta de conformidad de los aspectos que se indican a continuaci\u00f3n.<\/p>\n<p class=\"smallsubtitle\"><strong><br><\/strong><\/p>\n<p class=\"smallsubtitle\"><strong>CONTENIDO NO ACCESIBLE<\/strong><\/p>\n<p>El contenido que se recoge a continuaci\u00f3n no es accesible por los siguientes motivos:<\/p>\n<ul>\n<li>Falta de conformidad:\n<ul>\n<li>Pueden existir algunas im\u00e1genes cuya alternativa no est\u00e9 implementada o no sea correcta \u2013 \u2013 Requisito 9.1.1.1 Contenido no textual UNE-EN 301549:2022<\/li>\n<li>Podr\u00edan existir fallos puntuales de edici\u00f3n en alguna p\u00e1gina web.<\/li>\n<\/ul>\n<\/li>\n<li>Carga desproporcionada: No resulta aplicable.<\/li>\n<li>El contenido no entra dentro del \u00e1mbito de la legislaci\u00f3n aplicable.<\/li>\n<\/ul>\n<p>Podr\u00edan existir archivos ofim\u00e1ticos en PDF u otros formatos publicados antes del 20 de septiembre de 2018 que no cumplan en su totalidad todos los requisitos de accesibilidad.<\/p>\n<p>Puede haber contenidos de terceros que no est\u00e9n desarrollados en esta Unidad, ni bajo su control, como archivos ofim\u00e1ticos de diferentes organismos que deban publicarse en este sitio.<\/p>\n<p class=\"smallsubtitle\"><strong><br><\/strong><\/p>\n<p class=\"smallsubtitle\"><strong>OBSERVACIONES Y DATOS DE CONTACTO<\/strong><\/p>\n<p>Puede realizar comunicaciones sobre requisitos de accesibilidad [art\u00edculo 10.2.a) del RD 1112\/2018] como, por ejemplo:<\/p>\n<ul>\n<li>Informar sobre cualquier posible incumplimiento por parte de este sitio web.<\/li>\n<li>Transmitir otras dificultades de acceso al contenido.<\/li>\n<li>Formular cualquier otra consulta o sugerencia de mejora relativa a la accesibilidad del sitio web enviando un email a info@caravaningcantabria.es<\/li>\n<\/ul>\n<p>Puede presentar:<\/p>\n<ul>\n<li>Una queja relativa al cumplimiento de los requisitos del RD 1112\/2018<\/li>\n<li>Una solicitud de informaci\u00f3n accesible relativa a:\n<ul>\n<li>Contenidos que est\u00e1n excluidos del \u00e1mbito de aplicaci\u00f3n del RD 1112\/2018 seg\u00fan lo establecido por el art\u00edculo 3, apartado 4.<\/li>\n<li>Contenidos que est\u00e1n exentos del cumplimiento de los requisitos de accesibilidad por imponer una carga desproporcionada.<\/li>\n<\/ul>\n<\/li>\n<\/ul>\n<p>En la solicitud de informaci\u00f3n accesible, se debe concretar, con toda claridad, los hechos, razones y petici\u00f3n que permitan constatar que se trata de una solicitud razonable y leg\u00edtima.<\/p>\t\t\t\t\t\t\t\t<\/div>\n\t\t\t\t<\/div>\n\t\t\t\t\t<\/div>\n\t\t<\/div>\n\t\t\t\t\t<\/div>\n\t\t<\/section>\n\t\t\t\t<\/div>\n\t\t","protected":false},"excerpt":{"rendered":"<p>Declaraci\u00f3n de Accesibilidad POL\u00cdTICA DE ACCESIBILIDAD La empresa Caravaning Cantabria se ha comprometido a hacer accesible su sitio web de conformidad con el Real Decreto 1112\/2018, de 7 de septiembre, sobre accesibilidad de los sitios web y aplicaciones para dispositivos m\u00f3viles del sector p\u00fablico, o desarrollos financiados desde Europa. La presente declaraci\u00f3n de accesibilidad se [&hellip;]<\/p>\n","protected":false},"author":1,"featured_media":0,"parent":0,"menu_order":0,"comment_status":"closed","ping_status":"closed","template":"elementor_header_footer","meta":{"footnotes":""},"class_list":["post-23506","page","type-page","status-publish","hentry"],"_links":{"self":[{"href":"https:\/\/caravaningcantabria.es\/en\/wp-json\/wp\/v2\/pages\/23506","targetHints":{"allow":["GET"]}}],"collection":[{"href":"https:\/\/caravaningcantabria.es\/en\/wp-json\/wp\/v2\/pages"}],"about":[{"href":"https:\/\/caravaningcantabria.es\/en\/wp-json\/wp\/v2\/types\/page"}],"author":[{"embeddable":true,"href":"https:\/\/caravaningcantabria.es\/en\/wp-json\/wp\/v2\/users\/1"}],"replies":[{"embeddable":true,"href":"https:\/\/caravaningcantabria.es\/en\/wp-json\/wp\/v2\/comments?post=23506"}],"version-history":[{"count":23,"href":"https:\/\/caravaningcantabria.es\/en\/wp-json\/wp\/v2\/pages\/23506\/revisions"}],"predecessor-version":[{"id":23541,"href":"https:\/\/caravaningcantabria.es\/en\/wp-json\/wp\/v2\/pages\/23506\/revisions\/23541"}],"wp:attachment":[{"href":"https:\/\/caravaningcantabria.es\/en\/wp-json\/wp\/v2\/media?parent=23506"}],"curies":[{"name":"wp","href":"https:\/\/api.w.org\/{rel}","templated":true}]}}